{"id":1238,"date":"2016-01-26T12:19:19","date_gmt":"2016-01-26T11:19:19","guid":{"rendered":"https:\/\/www.assiteca.it\/?page_id=1238"},"modified":"2022-07-20T18:22:44","modified_gmt":"2022-07-20T16:22:44","slug":"documento-di-ammissione","status":"publish","type":"page","link":"https:\/\/www.assiteca.it\/investor-relations\/documento-di-ammissione\/","title":{"rendered":"Documento di ammissione"},"content":{"rendered":"<div id=\"pl-1238\"  class=\"panel-layout\" ><div id=\"pg-1238-0\"  class=\"panel-grid panel-no-style\" ><div id=\"pgc-1238-0-0\"  class=\"panel-grid-cell\" ><div id=\"panel-1238-0-0-0\" class=\"so-panel widget widget_black-studio-tinymce widget_black_studio_tinymce panel-first-child panel-last-child\" data-index=\"0\" ><div class=\"textwidget\"><div class=\"entry-content\">\n<p>Per poter accedere al presente sito web ed al documento di ammissione \u00e8 necessario leggere e accettare l\u2019informativa di seguito riportata che il lettore deve valutare attentamente prima di leggere, accedere o utilizzare in qualsiasi altra maniera le informazioni di seguito fornite. Accedendo al presente sito web, si accetta di essere soggetti ai termini e alle condizioni di seguito riportati, e a qualsivoglia successivo aggiornamento degli stessi.<\/p>\n<p>Il Documento di Ammissione riportato nella presente sezione del sito web (il \u201cDocumento di Ammissione\u201d) \u00e8 un Documento di Ammissione sull\u2019Euronext Growth Milan (ex AIM Italia), sistema multilaterale di negoziazione organizzato e gestito da Borsa Italiana S.p.A., delle azioni (le \u201cAzioni\u201d) di HOWDEN HOWDEN ASSITECA S.p.A. (la \u201cSociet\u00e0\u201d) ed \u00e8 stato redatto ai sensi del regolamento emittenti Euronext Growth Milan (\u201cRegolamento Emittenti EGM\u201d). Il Documento di Ammissione e l\u2019operazione descritta nel medesimo non costituiscono un\u2019offerta al pubblico di strumenti finanziari n\u00e9 un\u2019ammissione di strumenti finanziari in un mercato regolamentato cos\u00ec come definiti dal decreto legislativo n. 58 del 24 febbraio 1998 (testo unico della finanza), dal regolamento CONSOB n. 11971 del 14 maggio 1999 (regolamento emittenti), come successivamente modificati ed integrati, e dalle equivalenti disposizioni di legge e regolamentari applicabili all\u2019estero. Le informazioni contenute nella presente sezione del sito web sono diffuse in applicazione degli articoli 17 e 26 del Regolamento Emittenti EGM.<\/p>\n<p>Le seguenti informazioni ed il Documento di Ammissione sono accessibili soltanto a soggetti che: (a) sono residenti in Italia e che non sono domiciliati n\u00e9 comunque si trovano attualmente negli Stati Uniti d\u2019America, Australia, Giappone, Canada nonch\u00e9 in qualsiasi altro Paese in cui la diffusione del Documento di Ammissione e\/o di tali informazioni richieda l\u2019approvazione delle competenti Autorit\u00e0 locali o sia in violazione di norme o regolamenti locali (\u201cAltri Paesi\u201d) e (b) non sono \u201cU.S. Person\u201d secondo la definizione contenuta nella Regulation S dello United States Securities Act del 1933, come successivamente modificato, n\u00e9 sono soggetti che agiscono per loro conto o a loro beneficio senza l\u2019esistenza di un\u2019apposita registrazione o di una specifica esenzione alla registrazione prevista ai sensi dello United States Securities Act e della normativa vigente.<\/p>\n<p>Alla \u201cU.S. Person\u201d nel senso sopra indicato \u00e8 preclusa la possibilit\u00e0 di accesso e di download del documento di ammissione attraverso questo sito web.<\/p>\n<p>Per nessuna ragione e in nessuna circostanza \u00e8 consentito far circolare, direttamente o tramite terzi, il Documento di Ammissione e ogni altra informazione contenuta nella presente sezione del sito web al di fuori dell\u2019Italia, in particolare negli Stati Uniti, in Australia, in Giappone, in Canada o negli Altri Paesi, n\u00e9 \u00e8 consentito distribuire il Documento di Ammissione a una \u201cU.S. Person\u201d nel senso sopra indicato. L\u2019inosservanza di tale disposizione pu\u00f2 comportare una violazione dello United States Securities Act o della normativa applicabile in altre giurisdizioni.<\/p>\n<p>Le informazioni contenute in questo sito web (o in qualsiasi altro sito col quale il presente sito web abbia collegamenti ipertestuali) non costituiscono offerta, invito ad offrire o attivit\u00e0 promozionale in relazione alle azioni nei confronti di alcun cittadino o soggetto residente in Canada, Australia, Giappone o negli Stati Uniti d\u2019America o in qualsiasi altro paese nel quale tali atti non siano consentiti in assenza di specifiche esenzioni o autorizzazioni da parte delle competenti autorit\u00e0.<\/p>\n<p>Le azioni non sono n\u00e9 saranno oggetto di registrazione ai sensi dello United States Securities Act del 1933, cos\u00ed come modificato o presso alcuna autorit\u00e0 regolamentare di qualsiasi stato o altra giurisdizione degli Stati Uniti d\u2019America e non potranno essere offerte o vendute negli Stati Uniti d\u2019America o a, o per conto o a beneficio di, una U.S. Person, nel senso sopra indicato, in assenza di tale registrazione o di espressa esenzione da tale adempimento o in altri paesi in cui l\u2019offerta di azioni sia soggetta a limitazioni in base alla normativa vigente.<\/p>\n<p>La Regulation S dello United States Securities Act del 1933, come successivamente modificato, definisce quale \u201cU.S. Person\u201d: (1) ogni persona fisica residente negli Stati Uniti; (2) le \u201cpartnerships\u201d e le \u201ccorporations\u201d costituite ed organizzate secondo la legislazione vigente negli Stati Uniti; (3) ogni propriet\u00e0 i cui amministratori o gestori siano una \u201cU.S. Person\u201d; (4) i trust il cui trustee sia una \u201cU.S. Person\u201d; (5) ogni agenzia, filiale o succursale di un soggetto che abbia sede negli Stati Uniti; (6) i conti di carattere non discrezionale (\u201cnon-discretionary accounts\u201d); (7) altri conti simili (eccetto propriet\u00e0 o trust), gestiti o amministrati fiduciariamente per conto o a beneficio di una \u201cU.S. Person\u201d; (8) le \u201cpartnerships\u201d e le \u201ccorporations\u201d se (i) costituite ed organizzate secondo le leggi di qualsiasi giurisdizione straniera; e (ii) costituite da una \u201cU.S. Person\u201d con il principale obiettivo di investire in titoli non registrati ai sensi del United States Securities Act del 1933, come successivamente modificato, salvo che siano costituite o organizzate e possedute da investitori accreditati (secondo la definizione contenuta nel Rule 501(a) dello United States Securities Act del 1933) che non siano persone fisiche, propriet\u00e0 o trusts.<\/p>\n<p>Per accedere al presente sito web, al Documento di Ammissione e ad ogni altra informazione contenuta nelle seguenti pagine, dichiaro sotto la mia piena responsabilit\u00e0 di essere residente in Italia e di non essere domiciliato n\u00e9 di trovarmi attualmente negli Stati Uniti d\u2019America, in Australia, Giappone, in Canada o negli Altri Paesi e di non essere una \u201cU.S. Person\u201d come definita nella Regulation S dello United States Securities Act del 1933, come successivamente modificato.<\/p>\n<p><a href=\"https:\/\/www.assiteca.it\/wp-content\/uploads\/2016\/01\/ASSITECA-Documento-Ammissione-Definitivo-con-allegati.pdf\" target=\"_blank\" rel=\"noopener\"><strong>Confermo di aver letto e accetto le condizioni di cui sopra<\/strong>.<\/a><\/div>\n<\/div><\/div><\/div><\/div><\/div>","protected":false},"excerpt":{"rendered":"<p>Documento di ammissione all&#8217;Euronext Growth Milan (ex AIM Italia) gestito da Borsa S.p.A.<\/p>\n<div class='heateor_sss_sharing_container heateor_sss_vertical_sharing heateor_sss_bottom_sharing' style='width:44px;right: -14px;top: 140px;-webkit-box-shadow:none;box-shadow:none;' data-heateor-sss-href='https:\/\/www.assiteca.it\/wp-json\/wp\/v2\/pages\/1238'><div class=\"heateor_sss_sharing_ul\"><a class=\"heateor_sss_button_linkedin\" href=\"http:\/\/www.linkedin.com\/shareArticle?mini=true&url=https%3A%2F%2Fwww.assiteca.it%2Fwp-json%2Fwp%2Fv2%2Fpages%2F1238&title=Assiteca%20-%20\" title=\"Linkedin\" rel=\"nofollow noopener\" target=\"_blank\" style=\"font-size:32px!important;box-shadow:none;display:inline-block;vertical-align:middle\"><span class=\"heateor_sss_svg heateor_sss_s__default heateor_sss_s_linkedin\" style=\"background-color:#0077b5;width:40px;height:40px;margin:0;display:inline-block;opacity:1;float:left;font-size:32px;box-shadow:none;display:inline-block;font-size:16px;padding:0 4px;vertical-align:middle;background-repeat:repeat;overflow:hidden;padding:0;cursor:pointer;box-sizing:content-box\"><svg style=\"display:block;\" focusable=\"false\" aria-hidden=\"true\" xmlns=\"http:\/\/www.w3.org\/2000\/svg\" width=\"100%\" height=\"100%\" viewBox=\"0 0 32 32\"><path d=\"M6.227 12.61h4.19v13.48h-4.19V12.61zm2.095-6.7a2.43 2.43 0 0 1 0 4.86c-1.344 0-2.428-1.09-2.428-2.43s1.084-2.43 2.428-2.43m4.72 6.7h4.02v1.84h.058c.56-1.058 1.927-2.176 3.965-2.176 4.238 0 5.02 2.792 5.02 6.42v7.395h-4.183v-6.56c0-1.564-.03-3.574-2.178-3.574-2.18 0-2.514 1.7-2.514 3.46v6.668h-4.187V12.61z\" fill=\"#fff\"><\/path><\/svg><\/span><\/a><a class=\"heateor_sss_button_twitter\" href=\"http:\/\/twitter.com\/intent\/tweet?text=Assiteca%20-%20&url=https%3A%2F%2Fwww.assiteca.it%2Fwp-json%2Fwp%2Fv2%2Fpages%2F1238\" title=\"Twitter\" rel=\"nofollow noopener\" target=\"_blank\" style=\"font-size:32px!important;box-shadow:none;display:inline-block;vertical-align:middle\"><span class=\"heateor_sss_svg heateor_sss_s__default heateor_sss_s_twitter\" style=\"background-color:#55acee;width:40px;height:40px;margin:0;display:inline-block;opacity:1;float:left;font-size:32px;box-shadow:none;display:inline-block;font-size:16px;padding:0 4px;vertical-align:middle;background-repeat:repeat;overflow:hidden;padding:0;cursor:pointer;box-sizing:content-box\"><svg style=\"display:block;\" focusable=\"false\" aria-hidden=\"true\" xmlns=\"http:\/\/www.w3.org\/2000\/svg\" width=\"100%\" height=\"100%\" viewBox=\"-4 -4 39 39\"><path d=\"M28 8.557a9.913 9.913 0 0 1-2.828.775 4.93 4.93 0 0 0 2.166-2.725 9.738 9.738 0 0 1-3.13 1.194 4.92 4.92 0 0 0-3.593-1.55 4.924 4.924 0 0 0-4.794 6.049c-4.09-.21-7.72-2.17-10.15-5.15a4.942 4.942 0 0 0-.665 2.477c0 1.71.87 3.214 2.19 4.1a4.968 4.968 0 0 1-2.23-.616v.06c0 2.39 1.7 4.38 3.952 4.83-.414.115-.85.174-1.297.174-.318 0-.626-.03-.928-.086a4.935 4.935 0 0 0 4.6 3.42 9.893 9.893 0 0 1-6.114 2.107c-.398 0-.79-.023-1.175-.068a13.953 13.953 0 0 0 7.55 2.213c9.056 0 14.01-7.507 14.01-14.013 0-.213-.005-.426-.015-.637.96-.695 1.795-1.56 2.455-2.55z\" fill=\"#fff\"><\/path><\/svg><\/span><\/a><a class=\"heateor_sss_email\" onclick=\"window.open('mailto:?subject=' + decodeURIComponent('Assiteca%20-%20').replace('&', '%26') + '&body=' + decodeURIComponent('https%3A%2F%2Fwww.assiteca.it%2Fwp-json%2Fwp%2Fv2%2Fpages%2F1238'), '_blank')\" title=\"Email\" rel=\"nofollow noopener\" style=\"font-size:32px!important;box-shadow:none;display:inline-block;vertical-align:middle\"><span class=\"heateor_sss_svg\" style=\"background-color:#649a3f;width:40px;height:40px;margin:0;display:inline-block;opacity:1;float:left;font-size:32px;box-shadow:none;display:inline-block;font-size:16px;padding:0 4px;vertical-align:middle;background-repeat:repeat;overflow:hidden;padding:0;cursor:pointer;box-sizing:content-box\"><svg style=\"display:block;\" focusable=\"false\" aria-hidden=\"true\" xmlns=\"http:\/\/www.w3.org\/2000\/svg\" width=\"100%\" height=\"100%\" viewBox=\"-4 -4 43 43\"><path d=\"M 5.5 11 h 23 v 1 l -11 6 l -11 -6 v -1 m 0 2 l 11 6 l 11 -6 v 11 h -22 v -11\" stroke-width=\"1\" fill=\"#fff\"><\/path><\/svg><\/span><\/a><a class=\"heateor_sss_whatsapp\" href=\"https:\/\/api.whatsapp.com\/send?text=Assiteca%20-%20 https%3A%2F%2Fwww.assiteca.it%2Fwp-json%2Fwp%2Fv2%2Fpages%2F1238\" title=\"Whatsapp\" rel=\"nofollow noopener\" target=\"_blank\" style=\"font-size:32px!important;box-shadow:none;display:inline-block;vertical-align:middle\"><span class=\"heateor_sss_svg\" style=\"background-color:#55eb4c;width:40px;height:40px;margin:0;display:inline-block;opacity:1;float:left;font-size:32px;box-shadow:none;display:inline-block;font-size:16px;padding:0 4px;vertical-align:middle;background-repeat:repeat;overflow:hidden;padding:0;cursor:pointer;box-sizing:content-box\"><svg style=\"display:block;\" focusable=\"false\" aria-hidden=\"true\" xmlns=\"http:\/\/www.w3.org\/2000\/svg\" width=\"100%\" height=\"100%\" viewBox=\"-6 -5 40 40\"><path class=\"heateor_sss_svg_stroke heateor_sss_no_fill\" stroke=\"#fff\" stroke-width=\"2\" fill=\"none\" d=\"M 11.579798566743314 24.396926207859085 A 10 10 0 1 0 6.808479557110079 20.73576436351046\"><\/path><path d=\"M 7 19 l -1 6 l 6 -1\" class=\"heateor_sss_no_fill heateor_sss_svg_stroke\" stroke=\"#fff\" stroke-width=\"2\" fill=\"none\"><\/path><path d=\"M 10 10 q -1 8 8 11 c 5 -1 0 -6 -1 -3 q -4 -3 -5 -5 c 4 -2 -1 -5 -1 -4\" fill=\"#fff\"><\/path><\/svg><\/span><\/a><a class=\"heateor_sss_button_print\" onclick=\"window.print()\" title=\"Print\" rel=\"nofollow noopener\" style=\"font-size:32px!important;box-shadow:none;display:inline-block;vertical-align:middle\"><span class=\"heateor_sss_svg heateor_sss_s__default heateor_sss_s_print\" style=\"background-color:#fd6500;width:40px;height:40px;margin:0;display:inline-block;opacity:1;float:left;font-size:32px;box-shadow:none;display:inline-block;font-size:16px;padding:0 4px;vertical-align:middle;background-repeat:repeat;overflow:hidden;padding:0;cursor:pointer;box-sizing:content-box\"><svg style=\"display:block;\" focusable=\"false\" aria-hidden=\"true\" xmlns=\"http:\/\/www.w3.org\/2000\/svg\" width=\"100%\" height=\"100%\" viewBox=\"-2.8 -4.5 35 35\"><path stroke=\"#fff\" class=\"heateor_sss_svg_stroke\" d=\"M 7 10 h 2 v 3 h 12 v -3 h 2 v 7 h -2 v -3 h -12 v 3 h -2 z\" stroke-width=\"1\" fill=\"#fff\"><\/path><rect class=\"heateor_sss_no_fill heateor_sss_svg_stroke\" stroke=\"#fff\" stroke-width=\"1.8\" height=\"7\" width=\"10\" x=\"10\" y=\"5\" fill=\"none\"><\/rect><rect class=\"heateor_sss_svg_stroke\" stroke=\"#fff\" stroke-width=\"1\" height=\"5\" width=\"8\" x=\"11\" y=\"16\" fill=\"#fff\"><\/rect><\/svg><\/span><\/a><\/div><div class=\"heateorSssClear\"><\/div><\/div>","protected":false},"author":101011,"featured_media":26594,"parent":6566,"menu_order":0,"comment_status":"closed","ping_status":"closed","template":"","meta":{"_mi_skip_tracking":false},"acf":[],"yoast_head":"<!-- This site is optimized with the Yoast SEO plugin v20.0 - https:\/\/yoast.com\/wordpress\/plugins\/seo\/ -->\n<title>Documento di ammissione- ASSITECA<\/title>\n<meta name=\"description\" content=\"Documento di ammissione all&#039;Euronext Growth Milan (ex AIM Italia) gestito da Borsa S.p.A.\" \/>\n<meta name=\"robots\" content=\"index, follow, max-snippet:-1, max-image-preview:large, max-video-preview:-1\" \/>\n<link rel=\"canonical\" href=\"https:\/\/www.assiteca.it\/investor-relations\/documento-di-ammissione\/\" \/>\n<meta property=\"og:locale\" content=\"it_IT\" \/>\n<meta property=\"og:type\" content=\"article\" \/>\n<meta property=\"og:title\" content=\"Documento di ammissione- ASSITECA\" \/>\n<meta property=\"og:description\" content=\"Documento di ammissione all&#039;Euronext Growth Milan (ex AIM Italia) gestito da Borsa S.p.A.\" \/>\n<meta property=\"og:url\" content=\"https:\/\/www.assiteca.it\/investor-relations\/documento-di-ammissione\/\" \/>\n<meta property=\"og:site_name\" content=\"Assiteca\" \/>\n<meta property=\"article:modified_time\" content=\"2022-07-20T16:22:44+00:00\" \/>\n<meta property=\"og:image\" content=\"https:\/\/www.assiteca.it\/wp-content\/uploads\/2021\/04\/Investor-Relation-sito-ASSITECA-360x240.jpg\" \/>\n\t<meta property=\"og:image:width\" content=\"850\" \/>\n\t<meta property=\"og:image:height\" content=\"550\" \/>\n\t<meta property=\"og:image:type\" content=\"image\/jpeg\" \/>\n<meta name=\"twitter:card\" content=\"summary_large_image\" \/>\n<meta name=\"twitter:site\" content=\"@assiteca\" \/>\n<meta name=\"twitter:label1\" content=\"Tempo di lettura stimato\" \/>\n\t<meta name=\"twitter:data1\" content=\"5 minuti\" \/>\n<script type=\"application\/ld+json\" class=\"yoast-schema-graph\">{\"@context\":\"https:\/\/schema.org\",\"@graph\":[{\"@type\":\"WebPage\",\"@id\":\"https:\/\/www.assiteca.it\/investor-relations\/documento-di-ammissione\/\",\"url\":\"https:\/\/www.assiteca.it\/investor-relations\/documento-di-ammissione\/\",\"name\":\"Documento di ammissione- ASSITECA\",\"isPartOf\":{\"@id\":\"https:\/\/www.assiteca.it\/#website\"},\"datePublished\":\"2016-01-26T11:19:19+00:00\",\"dateModified\":\"2022-07-20T16:22:44+00:00\",\"description\":\"Documento di ammissione all'Euronext Growth Milan (ex AIM Italia) gestito da Borsa S.p.A.\",\"breadcrumb\":{\"@id\":\"https:\/\/www.assiteca.it\/investor-relations\/documento-di-ammissione\/#breadcrumb\"},\"inLanguage\":\"it-IT\",\"potentialAction\":[{\"@type\":\"ReadAction\",\"target\":[\"https:\/\/www.assiteca.it\/investor-relations\/documento-di-ammissione\/\"]}]},{\"@type\":\"BreadcrumbList\",\"@id\":\"https:\/\/www.assiteca.it\/investor-relations\/documento-di-ammissione\/#breadcrumb\",\"itemListElement\":[{\"@type\":\"ListItem\",\"position\":1,\"name\":\"Home\",\"item\":\"https:\/\/www.assiteca.it\/\"},{\"@type\":\"ListItem\",\"position\":2,\"name\":\"Investor Relations\",\"item\":\"https:\/\/www.assiteca.it\/investor-relations\/\"},{\"@type\":\"ListItem\",\"position\":3,\"name\":\"Documento di ammissione\"}]},{\"@type\":\"WebSite\",\"@id\":\"https:\/\/www.assiteca.it\/#website\",\"url\":\"https:\/\/www.assiteca.it\/\",\"name\":\"Assiteca\",\"description\":\"\",\"publisher\":{\"@id\":\"https:\/\/www.assiteca.it\/#organization\"},\"potentialAction\":[{\"@type\":\"SearchAction\",\"target\":{\"@type\":\"EntryPoint\",\"urlTemplate\":\"https:\/\/www.assiteca.it\/?s={search_term_string}\"},\"query-input\":\"required name=search_term_string\"}],\"inLanguage\":\"it-IT\"},{\"@type\":\"Organization\",\"@id\":\"https:\/\/www.assiteca.it\/#organization\",\"name\":\"HOWDEN ASSITECA spa\",\"url\":\"https:\/\/www.assiteca.it\/\",\"logo\":{\"@type\":\"ImageObject\",\"inLanguage\":\"it-IT\",\"@id\":\"https:\/\/www.assiteca.it\/#\/schema\/logo\/image\/\",\"url\":\"https:\/\/www.assiteca.it\/wp-content\/uploads\/2019\/06\/Logo_Assiteca_Pantone.jpg\",\"contentUrl\":\"https:\/\/www.assiteca.it\/wp-content\/uploads\/2019\/06\/Logo_Assiteca_Pantone.jpg\",\"width\":1651,\"height\":911,\"caption\":\"HOWDEN ASSITECA spa\"},\"image\":{\"@id\":\"https:\/\/www.assiteca.it\/#\/schema\/logo\/image\/\"},\"sameAs\":[\"https:\/\/twitter.com\/assiteca\"]}]}<\/script>\n<!-- \/ Yoast SEO plugin. -->","yoast_head_json":{"title":"Documento di ammissione- ASSITECA","description":"Documento di ammissione all'Euronext Growth Milan (ex AIM Italia) gestito da Borsa S.p.A.","robots":{"index":"index","follow":"follow","max-snippet":"max-snippet:-1","max-image-preview":"max-image-preview:large","max-video-preview":"max-video-preview:-1"},"canonical":"https:\/\/www.assiteca.it\/investor-relations\/documento-di-ammissione\/","og_locale":"it_IT","og_type":"article","og_title":"Documento di ammissione- ASSITECA","og_description":"Documento di ammissione all'Euronext Growth Milan (ex AIM Italia) gestito da Borsa S.p.A.","og_url":"https:\/\/www.assiteca.it\/investor-relations\/documento-di-ammissione\/","og_site_name":"Assiteca","article_modified_time":"2022-07-20T16:22:44+00:00","og_image":[{"width":850,"height":550,"url":"https:\/\/www.assiteca.it\/wp-content\/uploads\/2021\/04\/Investor-Relation-sito-ASSITECA-360x240.jpg","type":"image\/jpeg"}],"twitter_card":"summary_large_image","twitter_site":"@assiteca","twitter_misc":{"Tempo di lettura stimato":"5 minuti"},"schema":{"@context":"https:\/\/schema.org","@graph":[{"@type":"WebPage","@id":"https:\/\/www.assiteca.it\/investor-relations\/documento-di-ammissione\/","url":"https:\/\/www.assiteca.it\/investor-relations\/documento-di-ammissione\/","name":"Documento di ammissione- ASSITECA","isPartOf":{"@id":"https:\/\/www.assiteca.it\/#website"},"datePublished":"2016-01-26T11:19:19+00:00","dateModified":"2022-07-20T16:22:44+00:00","description":"Documento di ammissione all'Euronext Growth Milan (ex AIM Italia) gestito da Borsa S.p.A.","breadcrumb":{"@id":"https:\/\/www.assiteca.it\/investor-relations\/documento-di-ammissione\/#breadcrumb"},"inLanguage":"it-IT","potentialAction":[{"@type":"ReadAction","target":["https:\/\/www.assiteca.it\/investor-relations\/documento-di-ammissione\/"]}]},{"@type":"BreadcrumbList","@id":"https:\/\/www.assiteca.it\/investor-relations\/documento-di-ammissione\/#breadcrumb","itemListElement":[{"@type":"ListItem","position":1,"name":"Home","item":"https:\/\/www.assiteca.it\/"},{"@type":"ListItem","position":2,"name":"Investor Relations","item":"https:\/\/www.assiteca.it\/investor-relations\/"},{"@type":"ListItem","position":3,"name":"Documento di ammissione"}]},{"@type":"WebSite","@id":"https:\/\/www.assiteca.it\/#website","url":"https:\/\/www.assiteca.it\/","name":"Assiteca","description":"","publisher":{"@id":"https:\/\/www.assiteca.it\/#organization"},"potentialAction":[{"@type":"SearchAction","target":{"@type":"EntryPoint","urlTemplate":"https:\/\/www.assiteca.it\/?s={search_term_string}"},"query-input":"required name=search_term_string"}],"inLanguage":"it-IT"},{"@type":"Organization","@id":"https:\/\/www.assiteca.it\/#organization","name":"HOWDEN ASSITECA spa","url":"https:\/\/www.assiteca.it\/","logo":{"@type":"ImageObject","inLanguage":"it-IT","@id":"https:\/\/www.assiteca.it\/#\/schema\/logo\/image\/","url":"https:\/\/www.assiteca.it\/wp-content\/uploads\/2019\/06\/Logo_Assiteca_Pantone.jpg","contentUrl":"https:\/\/www.assiteca.it\/wp-content\/uploads\/2019\/06\/Logo_Assiteca_Pantone.jpg","width":1651,"height":911,"caption":"HOWDEN ASSITECA spa"},"image":{"@id":"https:\/\/www.assiteca.it\/#\/schema\/logo\/image\/"},"sameAs":["https:\/\/twitter.com\/assiteca"]}]}},"_links":{"self":[{"href":"https:\/\/www.assiteca.it\/wp-json\/wp\/v2\/pages\/1238"}],"collection":[{"href":"https:\/\/www.assiteca.it\/wp-json\/wp\/v2\/pages"}],"about":[{"href":"https:\/\/www.assiteca.it\/wp-json\/wp\/v2\/types\/page"}],"author":[{"embeddable":true,"href":"https:\/\/www.assiteca.it\/wp-json\/wp\/v2\/users\/101011"}],"replies":[{"embeddable":true,"href":"https:\/\/www.assiteca.it\/wp-json\/wp\/v2\/comments?post=1238"}],"version-history":[{"count":12,"href":"https:\/\/www.assiteca.it\/wp-json\/wp\/v2\/pages\/1238\/revisions"}],"predecessor-version":[{"id":32602,"href":"https:\/\/www.assiteca.it\/wp-json\/wp\/v2\/pages\/1238\/revisions\/32602"}],"up":[{"embeddable":true,"href":"https:\/\/www.assiteca.it\/wp-json\/wp\/v2\/pages\/6566"}],"wp:featuredmedia":[{"embeddable":true,"href":"https:\/\/www.assiteca.it\/wp-json\/wp\/v2\/media\/26594"}],"wp:attachment":[{"href":"https:\/\/www.assiteca.it\/wp-json\/wp\/v2\/media?parent=1238"}],"curies":[{"name":"wp","href":"https:\/\/api.w.org\/{rel}","templated":true}]}}