{"id":1620,"date":"2016-01-27T11:14:25","date_gmt":"2016-01-27T10:14:25","guid":{"rendered":"https:\/\/www.assiteca.it\/?page_id=1620"},"modified":"2017-03-15T16:34:00","modified_gmt":"2017-03-15T15:34:00","slug":"rosanna-michelini","status":"publish","type":"page","link":"https:\/\/www.assiteca.it\/investor-relations\/rosanna-michelini\/","title":{"rendered":"Rosanna Michelini"},"content":{"rendered":"<div id=\"pl-1620\"  class=\"panel-layout\" ><div id=\"pg-1620-0\"  class=\"panel-grid panel-no-style\" ><div id=\"pgc-1620-0-0\"  class=\"panel-grid-cell\" ><div id=\"panel-1620-0-0-0\" class=\"so-panel widget widget_black-studio-tinymce widget_black_studio_tinymce panel-first-child panel-last-child\" data-index=\"0\" ><div class=\"textwidget\"><div class=\"entry-content\">\n<div class=\"entry-content\">\n<div id=\"main\">\n<div id=\"primary\">\n<div id=\"content\">\n<article id=\"post-11586\" class=\"post-11586 page type-page status-publish hentry\">\n<div class=\"entry-content\">\n<p>Nata a Napoli il 4 ottobre 1963, diplomata in Ragioneria, \u00e8 iscritta all\u2019ordine dei Dottori Commercialisti di Milano dal 1987 e al Registro dei Revisori Contabili dal 1995. Associata dello Studio MMVN &amp; Associati di Milano, ha svolto l\u2019esercizio della libera professione in qualit\u00e0 di associata inizialmente presso lo Studio del Rag. Corrado Maria Carbonaro, confluito poi nello Studio Ammannati \u2013 Morrione &amp; Associati (attualmente MMVN &amp; Associati).<\/p>\n<p>In quasi trent\u2019anni di attivit\u00e0 in libera professione si \u00e8 specializzata anche in consulenza relativa a societ\u00e0 di brokeraggio assicurativo e riassicurativo con competenze anche in materia di contabilit\u00e0 valutaria, consulenza fiscale e societaria sia in ambito nazionale che internazionale con anche redazione di e pareri scritti e redazione bilanci civilistici con relative relazioni accompagnatorie. E\u2019 stata membro della Commissione Normative e Regolamenti Internazionali del Collegio dei Ragionieri e Periti Commerciali di Milano e membro della Commissione Normative Comunitarie dell\u2019Ordine dei Dottori Commercialisti di Milano. Dal 2014 \u00e8 Membro della Commissione Contenzioso Tributario dell\u2019Ordine dei Dottori Commercialisti di Milano.<\/p>\n<p>Ricopre incarichi di Sindaco effettivo e supplente in diverse societ\u00e0 di capitali.<\/p>\n<\/div>\n<footer class=\"entry-meta\"><\/footer>\n<\/article>\n<\/div>\n<\/div>\n<\/div>\n<footer id=\"colophon\"><\/footer>\n<\/div>\n<\/div>\n<\/div><\/div><\/div><\/div><\/div>","protected":false},"excerpt":{"rendered":"<p>Nata a Napoli il 4 ottobre 1963, diplomata in Ragioneria, \u00e8 iscritta all\u2019ordine dei Dottori Commercialisti di Milano dal 1987 &hellip;<\/p>\n<div class='heateor_sss_sharing_container heateor_sss_vertical_sharing heateor_sss_bottom_sharing' style='width:44px;right: -14px;top: 140px;-webkit-box-shadow:none;box-shadow:none;' data-heateor-sss-href='https:\/\/www.assiteca.it\/wp-json\/wp\/v2\/pages\/1620'><div class=\"heateor_sss_sharing_ul\"><a class=\"heateor_sss_button_linkedin\" href=\"http:\/\/www.linkedin.com\/shareArticle?mini=true&url=https%3A%2F%2Fwww.assiteca.it%2Fwp-json%2Fwp%2Fv2%2Fpages%2F1620&title=Assiteca%20-%20\" title=\"Linkedin\" rel=\"nofollow noopener\" target=\"_blank\" style=\"font-size:32px!important;box-shadow:none;display:inline-block;vertical-align:middle\"><span class=\"heateor_sss_svg heateor_sss_s__default heateor_sss_s_linkedin\" style=\"background-color:#0077b5;width:40px;height:40px;margin:0;display:inline-block;opacity:1;float:left;font-size:32px;box-shadow:none;display:inline-block;font-size:16px;padding:0 4px;vertical-align:middle;background-repeat:repeat;overflow:hidden;padding:0;cursor:pointer;box-sizing:content-box\"><svg style=\"display:block;\" focusable=\"false\" aria-hidden=\"true\" xmlns=\"http:\/\/www.w3.org\/2000\/svg\" width=\"100%\" height=\"100%\" viewBox=\"0 0 32 32\"><path d=\"M6.227 12.61h4.19v13.48h-4.19V12.61zm2.095-6.7a2.43 2.43 0 0 1 0 4.86c-1.344 0-2.428-1.09-2.428-2.43s1.084-2.43 2.428-2.43m4.72 6.7h4.02v1.84h.058c.56-1.058 1.927-2.176 3.965-2.176 4.238 0 5.02 2.792 5.02 6.42v7.395h-4.183v-6.56c0-1.564-.03-3.574-2.178-3.574-2.18 0-2.514 1.7-2.514 3.46v6.668h-4.187V12.61z\" fill=\"#fff\"><\/path><\/svg><\/span><\/a><a class=\"heateor_sss_button_twitter\" href=\"http:\/\/twitter.com\/intent\/tweet?text=Assiteca%20-%20&url=https%3A%2F%2Fwww.assiteca.it%2Fwp-json%2Fwp%2Fv2%2Fpages%2F1620\" title=\"Twitter\" rel=\"nofollow noopener\" target=\"_blank\" style=\"font-size:32px!important;box-shadow:none;display:inline-block;vertical-align:middle\"><span class=\"heateor_sss_svg heateor_sss_s__default heateor_sss_s_twitter\" style=\"background-color:#55acee;width:40px;height:40px;margin:0;display:inline-block;opacity:1;float:left;font-size:32px;box-shadow:none;display:inline-block;font-size:16px;padding:0 4px;vertical-align:middle;background-repeat:repeat;overflow:hidden;padding:0;cursor:pointer;box-sizing:content-box\"><svg style=\"display:block;\" focusable=\"false\" aria-hidden=\"true\" xmlns=\"http:\/\/www.w3.org\/2000\/svg\" width=\"100%\" height=\"100%\" viewBox=\"-4 -4 39 39\"><path d=\"M28 8.557a9.913 9.913 0 0 1-2.828.775 4.93 4.93 0 0 0 2.166-2.725 9.738 9.738 0 0 1-3.13 1.194 4.92 4.92 0 0 0-3.593-1.55 4.924 4.924 0 0 0-4.794 6.049c-4.09-.21-7.72-2.17-10.15-5.15a4.942 4.942 0 0 0-.665 2.477c0 1.71.87 3.214 2.19 4.1a4.968 4.968 0 0 1-2.23-.616v.06c0 2.39 1.7 4.38 3.952 4.83-.414.115-.85.174-1.297.174-.318 0-.626-.03-.928-.086a4.935 4.935 0 0 0 4.6 3.42 9.893 9.893 0 0 1-6.114 2.107c-.398 0-.79-.023-1.175-.068a13.953 13.953 0 0 0 7.55 2.213c9.056 0 14.01-7.507 14.01-14.013 0-.213-.005-.426-.015-.637.96-.695 1.795-1.56 2.455-2.55z\" fill=\"#fff\"><\/path><\/svg><\/span><\/a><a class=\"heateor_sss_email\" onclick=\"window.open('mailto:?subject=' + decodeURIComponent('Assiteca%20-%20').replace('&', '%26') + '&body=' + decodeURIComponent('https%3A%2F%2Fwww.assiteca.it%2Fwp-json%2Fwp%2Fv2%2Fpages%2F1620'), '_blank')\" title=\"Email\" rel=\"nofollow noopener\" style=\"font-size:32px!important;box-shadow:none;display:inline-block;vertical-align:middle\"><span class=\"heateor_sss_svg\" style=\"background-color:#649a3f;width:40px;height:40px;margin:0;display:inline-block;opacity:1;float:left;font-size:32px;box-shadow:none;display:inline-block;font-size:16px;padding:0 4px;vertical-align:middle;background-repeat:repeat;overflow:hidden;padding:0;cursor:pointer;box-sizing:content-box\"><svg style=\"display:block;\" focusable=\"false\" aria-hidden=\"true\" xmlns=\"http:\/\/www.w3.org\/2000\/svg\" width=\"100%\" height=\"100%\" viewBox=\"-4 -4 43 43\"><path d=\"M 5.5 11 h 23 v 1 l -11 6 l -11 -6 v -1 m 0 2 l 11 6 l 11 -6 v 11 h -22 v -11\" stroke-width=\"1\" fill=\"#fff\"><\/path><\/svg><\/span><\/a><a class=\"heateor_sss_whatsapp\" href=\"https:\/\/api.whatsapp.com\/send?text=Assiteca%20-%20 https%3A%2F%2Fwww.assiteca.it%2Fwp-json%2Fwp%2Fv2%2Fpages%2F1620\" title=\"Whatsapp\" rel=\"nofollow noopener\" target=\"_blank\" style=\"font-size:32px!important;box-shadow:none;display:inline-block;vertical-align:middle\"><span class=\"heateor_sss_svg\" style=\"background-color:#55eb4c;width:40px;height:40px;margin:0;display:inline-block;opacity:1;float:left;font-size:32px;box-shadow:none;display:inline-block;font-size:16px;padding:0 4px;vertical-align:middle;background-repeat:repeat;overflow:hidden;padding:0;cursor:pointer;box-sizing:content-box\"><svg style=\"display:block;\" focusable=\"false\" aria-hidden=\"true\" xmlns=\"http:\/\/www.w3.org\/2000\/svg\" width=\"100%\" height=\"100%\" viewBox=\"-6 -5 40 40\"><path class=\"heateor_sss_svg_stroke heateor_sss_no_fill\" stroke=\"#fff\" stroke-width=\"2\" fill=\"none\" d=\"M 11.579798566743314 24.396926207859085 A 10 10 0 1 0 6.808479557110079 20.73576436351046\"><\/path><path d=\"M 7 19 l -1 6 l 6 -1\" class=\"heateor_sss_no_fill heateor_sss_svg_stroke\" stroke=\"#fff\" stroke-width=\"2\" fill=\"none\"><\/path><path d=\"M 10 10 q -1 8 8 11 c 5 -1 0 -6 -1 -3 q -4 -3 -5 -5 c 4 -2 -1 -5 -1 -4\" fill=\"#fff\"><\/path><\/svg><\/span><\/a><a class=\"heateor_sss_button_print\" onclick=\"window.print()\" title=\"Print\" rel=\"nofollow noopener\" style=\"font-size:32px!important;box-shadow:none;display:inline-block;vertical-align:middle\"><span class=\"heateor_sss_svg heateor_sss_s__default heateor_sss_s_print\" style=\"background-color:#fd6500;width:40px;height:40px;margin:0;display:inline-block;opacity:1;float:left;font-size:32px;box-shadow:none;display:inline-block;font-size:16px;padding:0 4px;vertical-align:middle;background-repeat:repeat;overflow:hidden;padding:0;cursor:pointer;box-sizing:content-box\"><svg style=\"display:block;\" focusable=\"false\" aria-hidden=\"true\" xmlns=\"http:\/\/www.w3.org\/2000\/svg\" width=\"100%\" height=\"100%\" viewBox=\"-2.8 -4.5 35 35\"><path stroke=\"#fff\" class=\"heateor_sss_svg_stroke\" d=\"M 7 10 h 2 v 3 h 12 v -3 h 2 v 7 h -2 v -3 h -12 v 3 h -2 z\" stroke-width=\"1\" fill=\"#fff\"><\/path><rect class=\"heateor_sss_no_fill heateor_sss_svg_stroke\" stroke=\"#fff\" stroke-width=\"1.8\" height=\"7\" width=\"10\" x=\"10\" y=\"5\" fill=\"none\"><\/rect><rect class=\"heateor_sss_svg_stroke\" stroke=\"#fff\" stroke-width=\"1\" height=\"5\" width=\"8\" x=\"11\" y=\"16\" fill=\"#fff\"><\/rect><\/svg><\/span><\/a><\/div><div class=\"heateorSssClear\"><\/div><\/div>","protected":false},"author":101011,"featured_media":0,"parent":6566,"menu_order":0,"comment_status":"closed","ping_status":"closed","template":"","meta":{"_mi_skip_tracking":false},"acf":[],"yoast_head":"<!-- This site is optimized with the Yoast SEO plugin v20.0 - https:\/\/yoast.com\/wordpress\/plugins\/seo\/ -->\n<title>Collegio sindacale - Rosanna Michelini - Assiteca<\/title>\n<meta name=\"description\" content=\"Membro del Collegio sindacale di Assiteca. Ricopre incarichi di Sindaco effettivo e supplente in diverse societ\u00e0 di capitali\" \/>\n<meta name=\"robots\" content=\"index, follow, max-snippet:-1, max-image-preview:large, max-video-preview:-1\" \/>\n<link rel=\"canonical\" href=\"https:\/\/www.assiteca.it\/investor-relations\/rosanna-michelini\/\" \/>\n<meta property=\"og:locale\" content=\"it_IT\" \/>\n<meta property=\"og:type\" content=\"article\" \/>\n<meta property=\"og:title\" content=\"Collegio sindacale - Rosanna Michelini - Assiteca\" \/>\n<meta property=\"og:description\" content=\"Membro del Collegio sindacale di Assiteca. Ricopre incarichi di Sindaco effettivo e supplente in diverse societ\u00e0 di capitali\" \/>\n<meta property=\"og:url\" content=\"https:\/\/www.assiteca.it\/investor-relations\/rosanna-michelini\/\" \/>\n<meta property=\"og:site_name\" content=\"Assiteca\" \/>\n<meta property=\"article:modified_time\" content=\"2017-03-15T15:34:00+00:00\" \/>\n<meta name=\"twitter:card\" content=\"summary_large_image\" \/>\n<meta name=\"twitter:site\" content=\"@assiteca\" \/>\n<meta name=\"twitter:label1\" content=\"Tempo di lettura stimato\" \/>\n\t<meta name=\"twitter:data1\" content=\"1 minuto\" \/>\n<script type=\"application\/ld+json\" class=\"yoast-schema-graph\">{\"@context\":\"https:\/\/schema.org\",\"@graph\":[{\"@type\":\"WebPage\",\"@id\":\"https:\/\/www.assiteca.it\/investor-relations\/rosanna-michelini\/\",\"url\":\"https:\/\/www.assiteca.it\/investor-relations\/rosanna-michelini\/\",\"name\":\"Collegio sindacale - Rosanna Michelini - Assiteca\",\"isPartOf\":{\"@id\":\"https:\/\/www.assiteca.it\/#website\"},\"datePublished\":\"2016-01-27T10:14:25+00:00\",\"dateModified\":\"2017-03-15T15:34:00+00:00\",\"description\":\"Membro del Collegio sindacale di Assiteca. Ricopre incarichi di Sindaco effettivo e supplente in diverse societ\u00e0 di capitali\",\"breadcrumb\":{\"@id\":\"https:\/\/www.assiteca.it\/investor-relations\/rosanna-michelini\/#breadcrumb\"},\"inLanguage\":\"it-IT\",\"potentialAction\":[{\"@type\":\"ReadAction\",\"target\":[\"https:\/\/www.assiteca.it\/investor-relations\/rosanna-michelini\/\"]}]},{\"@type\":\"BreadcrumbList\",\"@id\":\"https:\/\/www.assiteca.it\/investor-relations\/rosanna-michelini\/#breadcrumb\",\"itemListElement\":[{\"@type\":\"ListItem\",\"position\":1,\"name\":\"Home\",\"item\":\"https:\/\/www.assiteca.it\/\"},{\"@type\":\"ListItem\",\"position\":2,\"name\":\"Investor Relations\",\"item\":\"https:\/\/www.assiteca.it\/investor-relations\/\"},{\"@type\":\"ListItem\",\"position\":3,\"name\":\"Rosanna Michelini\"}]},{\"@type\":\"WebSite\",\"@id\":\"https:\/\/www.assiteca.it\/#website\",\"url\":\"https:\/\/www.assiteca.it\/\",\"name\":\"Assiteca\",\"description\":\"\",\"publisher\":{\"@id\":\"https:\/\/www.assiteca.it\/#organization\"},\"potentialAction\":[{\"@type\":\"SearchAction\",\"target\":{\"@type\":\"EntryPoint\",\"urlTemplate\":\"https:\/\/www.assiteca.it\/?s={search_term_string}\"},\"query-input\":\"required name=search_term_string\"}],\"inLanguage\":\"it-IT\"},{\"@type\":\"Organization\",\"@id\":\"https:\/\/www.assiteca.it\/#organization\",\"name\":\"HOWDEN ASSITECA spa\",\"url\":\"https:\/\/www.assiteca.it\/\",\"logo\":{\"@type\":\"ImageObject\",\"inLanguage\":\"it-IT\",\"@id\":\"https:\/\/www.assiteca.it\/#\/schema\/logo\/image\/\",\"url\":\"https:\/\/www.assiteca.it\/wp-content\/uploads\/2019\/06\/Logo_Assiteca_Pantone.jpg\",\"contentUrl\":\"https:\/\/www.assiteca.it\/wp-content\/uploads\/2019\/06\/Logo_Assiteca_Pantone.jpg\",\"width\":1651,\"height\":911,\"caption\":\"HOWDEN ASSITECA spa\"},\"image\":{\"@id\":\"https:\/\/www.assiteca.it\/#\/schema\/logo\/image\/\"},\"sameAs\":[\"https:\/\/twitter.com\/assiteca\"]}]}<\/script>\n<!-- \/ Yoast SEO plugin. -->","yoast_head_json":{"title":"Collegio sindacale - Rosanna Michelini - Assiteca","description":"Membro del Collegio sindacale di Assiteca. Ricopre incarichi di Sindaco effettivo e supplente in diverse societ\u00e0 di capitali","robots":{"index":"index","follow":"follow","max-snippet":"max-snippet:-1","max-image-preview":"max-image-preview:large","max-video-preview":"max-video-preview:-1"},"canonical":"https:\/\/www.assiteca.it\/investor-relations\/rosanna-michelini\/","og_locale":"it_IT","og_type":"article","og_title":"Collegio sindacale - Rosanna Michelini - Assiteca","og_description":"Membro del Collegio sindacale di Assiteca. Ricopre incarichi di Sindaco effettivo e supplente in diverse societ\u00e0 di capitali","og_url":"https:\/\/www.assiteca.it\/investor-relations\/rosanna-michelini\/","og_site_name":"Assiteca","article_modified_time":"2017-03-15T15:34:00+00:00","twitter_card":"summary_large_image","twitter_site":"@assiteca","twitter_misc":{"Tempo di lettura stimato":"1 minuto"},"schema":{"@context":"https:\/\/schema.org","@graph":[{"@type":"WebPage","@id":"https:\/\/www.assiteca.it\/investor-relations\/rosanna-michelini\/","url":"https:\/\/www.assiteca.it\/investor-relations\/rosanna-michelini\/","name":"Collegio sindacale - Rosanna Michelini - Assiteca","isPartOf":{"@id":"https:\/\/www.assiteca.it\/#website"},"datePublished":"2016-01-27T10:14:25+00:00","dateModified":"2017-03-15T15:34:00+00:00","description":"Membro del Collegio sindacale di Assiteca. Ricopre incarichi di Sindaco effettivo e supplente in diverse societ\u00e0 di capitali","breadcrumb":{"@id":"https:\/\/www.assiteca.it\/investor-relations\/rosanna-michelini\/#breadcrumb"},"inLanguage":"it-IT","potentialAction":[{"@type":"ReadAction","target":["https:\/\/www.assiteca.it\/investor-relations\/rosanna-michelini\/"]}]},{"@type":"BreadcrumbList","@id":"https:\/\/www.assiteca.it\/investor-relations\/rosanna-michelini\/#breadcrumb","itemListElement":[{"@type":"ListItem","position":1,"name":"Home","item":"https:\/\/www.assiteca.it\/"},{"@type":"ListItem","position":2,"name":"Investor Relations","item":"https:\/\/www.assiteca.it\/investor-relations\/"},{"@type":"ListItem","position":3,"name":"Rosanna Michelini"}]},{"@type":"WebSite","@id":"https:\/\/www.assiteca.it\/#website","url":"https:\/\/www.assiteca.it\/","name":"Assiteca","description":"","publisher":{"@id":"https:\/\/www.assiteca.it\/#organization"},"potentialAction":[{"@type":"SearchAction","target":{"@type":"EntryPoint","urlTemplate":"https:\/\/www.assiteca.it\/?s={search_term_string}"},"query-input":"required name=search_term_string"}],"inLanguage":"it-IT"},{"@type":"Organization","@id":"https:\/\/www.assiteca.it\/#organization","name":"HOWDEN ASSITECA spa","url":"https:\/\/www.assiteca.it\/","logo":{"@type":"ImageObject","inLanguage":"it-IT","@id":"https:\/\/www.assiteca.it\/#\/schema\/logo\/image\/","url":"https:\/\/www.assiteca.it\/wp-content\/uploads\/2019\/06\/Logo_Assiteca_Pantone.jpg","contentUrl":"https:\/\/www.assiteca.it\/wp-content\/uploads\/2019\/06\/Logo_Assiteca_Pantone.jpg","width":1651,"height":911,"caption":"HOWDEN ASSITECA spa"},"image":{"@id":"https:\/\/www.assiteca.it\/#\/schema\/logo\/image\/"},"sameAs":["https:\/\/twitter.com\/assiteca"]}]}},"_links":{"self":[{"href":"https:\/\/www.assiteca.it\/wp-json\/wp\/v2\/pages\/1620"}],"collection":[{"href":"https:\/\/www.assiteca.it\/wp-json\/wp\/v2\/pages"}],"about":[{"href":"https:\/\/www.assiteca.it\/wp-json\/wp\/v2\/types\/page"}],"author":[{"embeddable":true,"href":"https:\/\/www.assiteca.it\/wp-json\/wp\/v2\/users\/101011"}],"replies":[{"embeddable":true,"href":"https:\/\/www.assiteca.it\/wp-json\/wp\/v2\/comments?post=1620"}],"version-history":[{"count":1,"href":"https:\/\/www.assiteca.it\/wp-json\/wp\/v2\/pages\/1620\/revisions"}],"predecessor-version":[{"id":1621,"href":"https:\/\/www.assiteca.it\/wp-json\/wp\/v2\/pages\/1620\/revisions\/1621"}],"up":[{"embeddable":true,"href":"https:\/\/www.assiteca.it\/wp-json\/wp\/v2\/pages\/6566"}],"wp:attachment":[{"href":"https:\/\/www.assiteca.it\/wp-json\/wp\/v2\/media?parent=1620"}],"curies":[{"name":"wp","href":"https:\/\/api.w.org\/{rel}","templated":true}]}}