{"id":31803,"date":"2022-05-06T17:49:41","date_gmt":"2022-05-06T15:49:41","guid":{"rendered":"https:\/\/www.assiteca.it\/?page_id=31803"},"modified":"2022-06-01T15:05:56","modified_gmt":"2022-06-01T13:05:56","slug":"offerta-pubblica-acquisto-ita","status":"publish","type":"page","link":"https:\/\/www.assiteca.it\/investor-relations\/offerta-pubblica-acquisto-ita\/","title":{"rendered":"Offerta Pubblica di Acquisto &#8211; doc italiano"},"content":{"rendered":"<div id=\"pl-31803\"  class=\"panel-layout\" ><div id=\"pg-31803-0\"  class=\"panel-grid panel-no-style\" ><div id=\"pgc-31803-0-0\"  class=\"panel-grid-cell\" ><div id=\"panel-31803-0-0-0\" class=\"so-panel widget widget_black-studio-tinymce widget_black_studio_tinymce panel-first-child\" data-index=\"0\" ><div class=\"textwidget\"><p><strong>PRIMA DI ACCEDERE ALLE INFORMAZIONI E AI DOCUMENTI CONTENUTI IN QUESTA SEZIONE, SI PREGA DI LEGGERE ATTENTAMENTE E ACCETTARE LE SEGUENTI RESTRIZIONI E CONDIZIONI<\/strong><\/p>\n<p>La presente sezione del presente sito internet contiene le informazioni e i documenti relativi all\u2019offerta pubblica di acquisto obbligatoria totalitaria (l\u2019\u201c<strong>Offerta<\/strong>\u201d) avente ad oggetto azioni ordinarie (le \u201c<strong>Azioni<\/strong>\u201d) di HOWDEN ASSITECA S.p.A. (l\u2019\u201c<strong>Emittente<\/strong>\u201d) che Howden Italia Holdings S.r.l. (l\u2019 <strong>Offerente<\/strong>\u201d) ha annunciato con comunicato pubblicato, ai sensi dell\u2019art. 102, comma 1, del D.lgs. 58\/1998, in data 6 maggio 2022.<\/p>\n<p>L\u2019Offerta sar\u00e0 promossa esclusivamente in Italia in quanto le Azioni sono quotate esclusivamente su Euronext Growth Milan, sistema multilaterale di negoziazione organizzato e gestito da Borsa Italiana S.p.A. ed \u00e8 soggetta agli obblighi di comunicazione e agli adempimenti procedurali previsti dal diritto italiano.<\/p>\n<p>L\u2019Offerta non \u00e8, e non sar\u00e0, promossa n\u00e9 diffusa negli Stati Uniti d\u2019America, in Canada, in Giappone e in Australia, n\u00e9 in qualsiasi altro paese in cui tale Offerta sia vietata o non sia consentita in assenza di autorizzazione da parte delle competenti autorit\u00e0 o altri adempimenti da parte dell\u2019Offerente (tali paesi, inclusi Stati Uniti d\u2019America, Canada, Giappone e Australia, collettivamente, gli \u201c<strong>Altri Paesi<\/strong>\u201d). L\u2019Offerta non \u00e8, e non sar\u00e0, promossa utilizzando strumenti di comunicazione o commercio nazionale o internazionale degli Altri Paesi (ivi inclusi, a titolo esemplificativo, la rete postale, il fax, il telex, la posta elettronica, il telefono e <em>Internet<\/em>), n\u00e9 attraverso qualsivoglia struttura di alcuno degli intermediari finanziari degli Altri Paesi, n\u00e9 in alcun altro modo.<\/p>\n<p>L\u2019Offerta sar\u00e0 effettuata a mezzo della pubblicazione del relativo documento di offerta, da parte dell\u2019Offerente, previa approvazione della Commissione Nazionale per le Societ\u00e0 e la Borsa (CONSOB) (il \u201c<strong>Documento di Offerta<\/strong>\u201d). Il Documento di Offerta conterr\u00e0 l\u2019integrale descrizione dei termini e delle condizioni dell\u2019Offerta, incluse le modalit\u00e0 di adesione. Prima di aderire all\u2019Offerta si raccomanda ai titolari di Azioni dell\u2019Emittente di leggere attentamente la documentazione sull\u2019Offerta pubblicata ai sensi di legge.<\/p>\n<p>L\u2019adesione all\u2019Offerta da parte di soggetti residenti in paesi diversi dall\u2019Italia potrebbe essere soggetta a specifici obblighi o restrizioni previsti da disposizioni di legge o regolamentari. \u00c8 esclusiva responsabilit\u00e0 dei soggetti che intendono aderire all\u2019Offerta conformarsi a tali norme e, pertanto, prima di aderire all\u2019Offerta, tali soggetti saranno tenuti a verificarne l\u2019esistenza e l\u2019applicabilit\u00e0, rivolgendosi ai propri consulenti.<\/p>\n<p>Chiunque intenda accedere alla presente sezione del sito internet, prendere visione del Documento di Offerta e degli altri documenti ivi pubblicati, deve leggere attentamente e avere piena consapevolezza delle informazioni ivi riportate.<\/p>\n<p>La presente sezione del presente sito internet e le informazioni e i documenti in questa contenuti sono messi a disposizione a soli fini informativi e sono accessibili soltanto a soggetti che non sono domiciliati, n\u00e9 comunque si trovato attualmente ubicati negli Altri Paesi.<\/p>\n<p>Le informazioni incluse in questa sezione del sito non costituiscono, n\u00e9 intendono costituire, n\u00e9 fanno parte di alcuna offerta, invito o sollecitazione a comprare o altrimenti acquisire, sottoscrivere, vendere o altrimenti disporre di strumenti finanziari, e non verr\u00e0 posta in essere alcuna vendita, emissione o trasferimento di strumenti finanziari dell\u2019Emittente in nessun paese in violazione della normativa ivi applicabile.<\/p>\n<p>Nessuna informazione o documento (o copia degli stessi) contenuti in questa sezione del presente sito internet o qualsiasi altro documento relativo all\u2019Offerta saranno, n\u00e9 potranno essere, inviati per posta o altrimenti trasmessi o distribuiti, direttamente o indirettamente, in tutto o in parte, in qualsiasi o da qualsiasi Altro Paese ovvero in altri paesi in cui le disposizioni della normativa locale possa determinare rischi di natura civile, penale o regolamentare ove informazioni concernenti l\u2019Offerta siano trasmesse o rese disponibili ad azionisti dell\u2019Emittente. In tale Paese o in altri Paesi dove tali condotte costituirebbero una violazione delle leggi di tale Paese e qualsiasi persona che riceva tali documenti e\/o informazioni (incluso in qualit\u00e0 di custode, fiduciario o trustee) \u00e8 tenuto a non distribuirli, inviarli o spedirli (n\u00e9 attraverso il servizio postale, n\u00e9 utilizzando altri strumenti di comunicazione o commercio nazionali e internazionali), in tutto o in parte, verso o da tale Paese.<\/p>\n<p><strong>Selezionando il pulsante \u201cACCETTO\u201d si dichiara e si garantisce di non trovarsi fisicamente e di non essere residente negli Altri Paesi, nonch\u00e9 di aver letto, compreso e accettato integralmente e di impegnarsi a rispettare tutte le limitazioni sopra indicate.<\/strong><\/p>\n<p>&nbsp;<\/p>\n<\/div><\/div><div id=\"panel-31803-0-0-1\" class=\"widget_text so-panel widget widget_custom_html panel-last-child\" data-index=\"1\" ><div class=\"textwidget custom-html-widget\"><iframe src=\"https:\/\/opa-files.assiteca.it\/it\/files\" frameBorder=\"0\" title=\"Opa Files\" height=\"500px\" width=\"100%\"><\/iframe><\/div><\/div><\/div><\/div><\/div>","protected":false},"excerpt":{"rendered":"<p>Offerta Pubblica di Acquisto<\/p>\n<div class='heateor_sss_sharing_container heateor_sss_vertical_sharing heateor_sss_bottom_sharing' style='width:44px;right: -14px;top: 140px;-webkit-box-shadow:none;box-shadow:none;' data-heateor-sss-href='https:\/\/www.assiteca.it\/wp-json\/wp\/v2\/pages\/31803'><div class=\"heateor_sss_sharing_ul\"><a class=\"heateor_sss_button_linkedin\" href=\"http:\/\/www.linkedin.com\/shareArticle?mini=true&url=https%3A%2F%2Fwww.assiteca.it%2Fwp-json%2Fwp%2Fv2%2Fpages%2F31803&title=Assiteca%20-%20\" title=\"Linkedin\" rel=\"nofollow noopener\" target=\"_blank\" style=\"font-size:32px!important;box-shadow:none;display:inline-block;vertical-align:middle\"><span class=\"heateor_sss_svg heateor_sss_s__default heateor_sss_s_linkedin\" style=\"background-color:#0077b5;width:40px;height:40px;margin:0;display:inline-block;opacity:1;float:left;font-size:32px;box-shadow:none;display:inline-block;font-size:16px;padding:0 4px;vertical-align:middle;background-repeat:repeat;overflow:hidden;padding:0;cursor:pointer;box-sizing:content-box\"><svg style=\"display:block;\" focusable=\"false\" aria-hidden=\"true\" xmlns=\"http:\/\/www.w3.org\/2000\/svg\" width=\"100%\" height=\"100%\" viewBox=\"0 0 32 32\"><path d=\"M6.227 12.61h4.19v13.48h-4.19V12.61zm2.095-6.7a2.43 2.43 0 0 1 0 4.86c-1.344 0-2.428-1.09-2.428-2.43s1.084-2.43 2.428-2.43m4.72 6.7h4.02v1.84h.058c.56-1.058 1.927-2.176 3.965-2.176 4.238 0 5.02 2.792 5.02 6.42v7.395h-4.183v-6.56c0-1.564-.03-3.574-2.178-3.574-2.18 0-2.514 1.7-2.514 3.46v6.668h-4.187V12.61z\" fill=\"#fff\"><\/path><\/svg><\/span><\/a><a class=\"heateor_sss_button_twitter\" href=\"http:\/\/twitter.com\/intent\/tweet?text=Assiteca%20-%20&url=https%3A%2F%2Fwww.assiteca.it%2Fwp-json%2Fwp%2Fv2%2Fpages%2F31803\" title=\"Twitter\" rel=\"nofollow noopener\" target=\"_blank\" style=\"font-size:32px!important;box-shadow:none;display:inline-block;vertical-align:middle\"><span class=\"heateor_sss_svg heateor_sss_s__default heateor_sss_s_twitter\" style=\"background-color:#55acee;width:40px;height:40px;margin:0;display:inline-block;opacity:1;float:left;font-size:32px;box-shadow:none;display:inline-block;font-size:16px;padding:0 4px;vertical-align:middle;background-repeat:repeat;overflow:hidden;padding:0;cursor:pointer;box-sizing:content-box\"><svg style=\"display:block;\" focusable=\"false\" aria-hidden=\"true\" xmlns=\"http:\/\/www.w3.org\/2000\/svg\" width=\"100%\" height=\"100%\" viewBox=\"-4 -4 39 39\"><path d=\"M28 8.557a9.913 9.913 0 0 1-2.828.775 4.93 4.93 0 0 0 2.166-2.725 9.738 9.738 0 0 1-3.13 1.194 4.92 4.92 0 0 0-3.593-1.55 4.924 4.924 0 0 0-4.794 6.049c-4.09-.21-7.72-2.17-10.15-5.15a4.942 4.942 0 0 0-.665 2.477c0 1.71.87 3.214 2.19 4.1a4.968 4.968 0 0 1-2.23-.616v.06c0 2.39 1.7 4.38 3.952 4.83-.414.115-.85.174-1.297.174-.318 0-.626-.03-.928-.086a4.935 4.935 0 0 0 4.6 3.42 9.893 9.893 0 0 1-6.114 2.107c-.398 0-.79-.023-1.175-.068a13.953 13.953 0 0 0 7.55 2.213c9.056 0 14.01-7.507 14.01-14.013 0-.213-.005-.426-.015-.637.96-.695 1.795-1.56 2.455-2.55z\" fill=\"#fff\"><\/path><\/svg><\/span><\/a><a class=\"heateor_sss_email\" onclick=\"window.open('mailto:?subject=' + decodeURIComponent('Assiteca%20-%20').replace('&', '%26') + '&body=' + decodeURIComponent('https%3A%2F%2Fwww.assiteca.it%2Fwp-json%2Fwp%2Fv2%2Fpages%2F31803'), '_blank')\" title=\"Email\" rel=\"nofollow noopener\" style=\"font-size:32px!important;box-shadow:none;display:inline-block;vertical-align:middle\"><span class=\"heateor_sss_svg\" style=\"background-color:#649a3f;width:40px;height:40px;margin:0;display:inline-block;opacity:1;float:left;font-size:32px;box-shadow:none;display:inline-block;font-size:16px;padding:0 4px;vertical-align:middle;background-repeat:repeat;overflow:hidden;padding:0;cursor:pointer;box-sizing:content-box\"><svg style=\"display:block;\" focusable=\"false\" aria-hidden=\"true\" xmlns=\"http:\/\/www.w3.org\/2000\/svg\" width=\"100%\" height=\"100%\" viewBox=\"-4 -4 43 43\"><path d=\"M 5.5 11 h 23 v 1 l -11 6 l -11 -6 v -1 m 0 2 l 11 6 l 11 -6 v 11 h -22 v -11\" stroke-width=\"1\" fill=\"#fff\"><\/path><\/svg><\/span><\/a><a class=\"heateor_sss_whatsapp\" href=\"https:\/\/api.whatsapp.com\/send?text=Assiteca%20-%20 https%3A%2F%2Fwww.assiteca.it%2Fwp-json%2Fwp%2Fv2%2Fpages%2F31803\" title=\"Whatsapp\" rel=\"nofollow noopener\" target=\"_blank\" style=\"font-size:32px!important;box-shadow:none;display:inline-block;vertical-align:middle\"><span class=\"heateor_sss_svg\" style=\"background-color:#55eb4c;width:40px;height:40px;margin:0;display:inline-block;opacity:1;float:left;font-size:32px;box-shadow:none;display:inline-block;font-size:16px;padding:0 4px;vertical-align:middle;background-repeat:repeat;overflow:hidden;padding:0;cursor:pointer;box-sizing:content-box\"><svg style=\"display:block;\" focusable=\"false\" aria-hidden=\"true\" xmlns=\"http:\/\/www.w3.org\/2000\/svg\" width=\"100%\" height=\"100%\" viewBox=\"-6 -5 40 40\"><path class=\"heateor_sss_svg_stroke heateor_sss_no_fill\" stroke=\"#fff\" stroke-width=\"2\" fill=\"none\" d=\"M 11.579798566743314 24.396926207859085 A 10 10 0 1 0 6.808479557110079 20.73576436351046\"><\/path><path d=\"M 7 19 l -1 6 l 6 -1\" class=\"heateor_sss_no_fill heateor_sss_svg_stroke\" stroke=\"#fff\" stroke-width=\"2\" fill=\"none\"><\/path><path d=\"M 10 10 q -1 8 8 11 c 5 -1 0 -6 -1 -3 q -4 -3 -5 -5 c 4 -2 -1 -5 -1 -4\" fill=\"#fff\"><\/path><\/svg><\/span><\/a><a class=\"heateor_sss_button_print\" onclick=\"window.print()\" title=\"Print\" rel=\"nofollow noopener\" style=\"font-size:32px!important;box-shadow:none;display:inline-block;vertical-align:middle\"><span class=\"heateor_sss_svg heateor_sss_s__default heateor_sss_s_print\" style=\"background-color:#fd6500;width:40px;height:40px;margin:0;display:inline-block;opacity:1;float:left;font-size:32px;box-shadow:none;display:inline-block;font-size:16px;padding:0 4px;vertical-align:middle;background-repeat:repeat;overflow:hidden;padding:0;cursor:pointer;box-sizing:content-box\"><svg style=\"display:block;\" focusable=\"false\" aria-hidden=\"true\" xmlns=\"http:\/\/www.w3.org\/2000\/svg\" width=\"100%\" height=\"100%\" viewBox=\"-2.8 -4.5 35 35\"><path stroke=\"#fff\" class=\"heateor_sss_svg_stroke\" d=\"M 7 10 h 2 v 3 h 12 v -3 h 2 v 7 h -2 v -3 h -12 v 3 h -2 z\" stroke-width=\"1\" fill=\"#fff\"><\/path><rect class=\"heateor_sss_no_fill heateor_sss_svg_stroke\" stroke=\"#fff\" stroke-width=\"1.8\" height=\"7\" width=\"10\" x=\"10\" y=\"5\" fill=\"none\"><\/rect><rect class=\"heateor_sss_svg_stroke\" stroke=\"#fff\" stroke-width=\"1\" height=\"5\" width=\"8\" x=\"11\" y=\"16\" fill=\"#fff\"><\/rect><\/svg><\/span><\/a><\/div><div class=\"heateorSssClear\"><\/div><\/div>","protected":false},"author":101011,"featured_media":31791,"parent":6566,"menu_order":0,"comment_status":"closed","ping_status":"closed","template":"","meta":{"_mi_skip_tracking":false},"acf":[],"yoast_head":"<!-- This site is optimized with the Yoast SEO plugin v20.0 - https:\/\/yoast.com\/wordpress\/plugins\/seo\/ -->\n<title>Documento di ammissione- ASSITECA<\/title>\n<meta name=\"robots\" content=\"index, follow, max-snippet:-1, max-image-preview:large, max-video-preview:-1\" \/>\n<link rel=\"canonical\" href=\"https:\/\/www.assiteca.it\/investor-relations\/offerta-pubblica-acquisto-ita\/\" \/>\n<meta property=\"og:locale\" content=\"it_IT\" \/>\n<meta property=\"og:type\" content=\"article\" \/>\n<meta property=\"og:title\" content=\"Documento di ammissione- ASSITECA\" \/>\n<meta property=\"og:description\" content=\"Offerta Pubblica di Acquisto\" \/>\n<meta property=\"og:url\" content=\"https:\/\/www.assiteca.it\/investor-relations\/offerta-pubblica-acquisto-ita\/\" \/>\n<meta property=\"og:site_name\" content=\"Assiteca\" \/>\n<meta property=\"article:modified_time\" content=\"2022-06-01T13:05:56+00:00\" \/>\n<meta property=\"og:image\" content=\"https:\/\/www.assiteca.it\/wp-content\/uploads\/2022\/05\/howd-360x240.jpg\" \/>\n\t<meta property=\"og:image:width\" content=\"430\" \/>\n\t<meta property=\"og:image:height\" content=\"240\" \/>\n\t<meta property=\"og:image:type\" content=\"image\/jpeg\" \/>\n<meta name=\"twitter:card\" content=\"summary_large_image\" \/>\n<meta name=\"twitter:site\" content=\"@assiteca\" \/>\n<meta name=\"twitter:label1\" content=\"Tempo di lettura stimato\" \/>\n\t<meta name=\"twitter:data1\" content=\"4 minuti\" \/>\n<script type=\"application\/ld+json\" class=\"yoast-schema-graph\">{\"@context\":\"https:\/\/schema.org\",\"@graph\":[{\"@type\":\"WebPage\",\"@id\":\"https:\/\/www.assiteca.it\/investor-relations\/offerta-pubblica-acquisto-ita\/\",\"url\":\"https:\/\/www.assiteca.it\/investor-relations\/offerta-pubblica-acquisto-ita\/\",\"name\":\"Documento di ammissione- ASSITECA\",\"isPartOf\":{\"@id\":\"https:\/\/www.assiteca.it\/#website\"},\"datePublished\":\"2022-05-06T15:49:41+00:00\",\"dateModified\":\"2022-06-01T13:05:56+00:00\",\"breadcrumb\":{\"@id\":\"https:\/\/www.assiteca.it\/investor-relations\/offerta-pubblica-acquisto-ita\/#breadcrumb\"},\"inLanguage\":\"it-IT\",\"potentialAction\":[{\"@type\":\"ReadAction\",\"target\":[\"https:\/\/www.assiteca.it\/investor-relations\/offerta-pubblica-acquisto-ita\/\"]}]},{\"@type\":\"BreadcrumbList\",\"@id\":\"https:\/\/www.assiteca.it\/investor-relations\/offerta-pubblica-acquisto-ita\/#breadcrumb\",\"itemListElement\":[{\"@type\":\"ListItem\",\"position\":1,\"name\":\"Home\",\"item\":\"https:\/\/www.assiteca.it\/\"},{\"@type\":\"ListItem\",\"position\":2,\"name\":\"Investor Relations\",\"item\":\"https:\/\/www.assiteca.it\/investor-relations\/\"},{\"@type\":\"ListItem\",\"position\":3,\"name\":\"Offerta Pubblica di Acquisto &#8211; doc italiano\"}]},{\"@type\":\"WebSite\",\"@id\":\"https:\/\/www.assiteca.it\/#website\",\"url\":\"https:\/\/www.assiteca.it\/\",\"name\":\"Assiteca\",\"description\":\"\",\"publisher\":{\"@id\":\"https:\/\/www.assiteca.it\/#organization\"},\"potentialAction\":[{\"@type\":\"SearchAction\",\"target\":{\"@type\":\"EntryPoint\",\"urlTemplate\":\"https:\/\/www.assiteca.it\/?s={search_term_string}\"},\"query-input\":\"required name=search_term_string\"}],\"inLanguage\":\"it-IT\"},{\"@type\":\"Organization\",\"@id\":\"https:\/\/www.assiteca.it\/#organization\",\"name\":\"HOWDEN ASSITECA spa\",\"url\":\"https:\/\/www.assiteca.it\/\",\"logo\":{\"@type\":\"ImageObject\",\"inLanguage\":\"it-IT\",\"@id\":\"https:\/\/www.assiteca.it\/#\/schema\/logo\/image\/\",\"url\":\"https:\/\/www.assiteca.it\/wp-content\/uploads\/2019\/06\/Logo_Assiteca_Pantone.jpg\",\"contentUrl\":\"https:\/\/www.assiteca.it\/wp-content\/uploads\/2019\/06\/Logo_Assiteca_Pantone.jpg\",\"width\":1651,\"height\":911,\"caption\":\"HOWDEN ASSITECA spa\"},\"image\":{\"@id\":\"https:\/\/www.assiteca.it\/#\/schema\/logo\/image\/\"},\"sameAs\":[\"https:\/\/twitter.com\/assiteca\"]}]}<\/script>\n<!-- \/ Yoast SEO plugin. -->","yoast_head_json":{"title":"Documento di ammissione- ASSITECA","robots":{"index":"index","follow":"follow","max-snippet":"max-snippet:-1","max-image-preview":"max-image-preview:large","max-video-preview":"max-video-preview:-1"},"canonical":"https:\/\/www.assiteca.it\/investor-relations\/offerta-pubblica-acquisto-ita\/","og_locale":"it_IT","og_type":"article","og_title":"Documento di ammissione- ASSITECA","og_description":"Offerta Pubblica di Acquisto","og_url":"https:\/\/www.assiteca.it\/investor-relations\/offerta-pubblica-acquisto-ita\/","og_site_name":"Assiteca","article_modified_time":"2022-06-01T13:05:56+00:00","og_image":[{"width":430,"height":240,"url":"https:\/\/www.assiteca.it\/wp-content\/uploads\/2022\/05\/howd-360x240.jpg","type":"image\/jpeg"}],"twitter_card":"summary_large_image","twitter_site":"@assiteca","twitter_misc":{"Tempo di lettura stimato":"4 minuti"},"schema":{"@context":"https:\/\/schema.org","@graph":[{"@type":"WebPage","@id":"https:\/\/www.assiteca.it\/investor-relations\/offerta-pubblica-acquisto-ita\/","url":"https:\/\/www.assiteca.it\/investor-relations\/offerta-pubblica-acquisto-ita\/","name":"Documento di ammissione- ASSITECA","isPartOf":{"@id":"https:\/\/www.assiteca.it\/#website"},"datePublished":"2022-05-06T15:49:41+00:00","dateModified":"2022-06-01T13:05:56+00:00","breadcrumb":{"@id":"https:\/\/www.assiteca.it\/investor-relations\/offerta-pubblica-acquisto-ita\/#breadcrumb"},"inLanguage":"it-IT","potentialAction":[{"@type":"ReadAction","target":["https:\/\/www.assiteca.it\/investor-relations\/offerta-pubblica-acquisto-ita\/"]}]},{"@type":"BreadcrumbList","@id":"https:\/\/www.assiteca.it\/investor-relations\/offerta-pubblica-acquisto-ita\/#breadcrumb","itemListElement":[{"@type":"ListItem","position":1,"name":"Home","item":"https:\/\/www.assiteca.it\/"},{"@type":"ListItem","position":2,"name":"Investor Relations","item":"https:\/\/www.assiteca.it\/investor-relations\/"},{"@type":"ListItem","position":3,"name":"Offerta Pubblica di Acquisto &#8211; doc italiano"}]},{"@type":"WebSite","@id":"https:\/\/www.assiteca.it\/#website","url":"https:\/\/www.assiteca.it\/","name":"Assiteca","description":"","publisher":{"@id":"https:\/\/www.assiteca.it\/#organization"},"potentialAction":[{"@type":"SearchAction","target":{"@type":"EntryPoint","urlTemplate":"https:\/\/www.assiteca.it\/?s={search_term_string}"},"query-input":"required name=search_term_string"}],"inLanguage":"it-IT"},{"@type":"Organization","@id":"https:\/\/www.assiteca.it\/#organization","name":"HOWDEN ASSITECA spa","url":"https:\/\/www.assiteca.it\/","logo":{"@type":"ImageObject","inLanguage":"it-IT","@id":"https:\/\/www.assiteca.it\/#\/schema\/logo\/image\/","url":"https:\/\/www.assiteca.it\/wp-content\/uploads\/2019\/06\/Logo_Assiteca_Pantone.jpg","contentUrl":"https:\/\/www.assiteca.it\/wp-content\/uploads\/2019\/06\/Logo_Assiteca_Pantone.jpg","width":1651,"height":911,"caption":"HOWDEN ASSITECA spa"},"image":{"@id":"https:\/\/www.assiteca.it\/#\/schema\/logo\/image\/"},"sameAs":["https:\/\/twitter.com\/assiteca"]}]}},"_links":{"self":[{"href":"https:\/\/www.assiteca.it\/wp-json\/wp\/v2\/pages\/31803"}],"collection":[{"href":"https:\/\/www.assiteca.it\/wp-json\/wp\/v2\/pages"}],"about":[{"href":"https:\/\/www.assiteca.it\/wp-json\/wp\/v2\/types\/page"}],"author":[{"embeddable":true,"href":"https:\/\/www.assiteca.it\/wp-json\/wp\/v2\/users\/101011"}],"replies":[{"embeddable":true,"href":"https:\/\/www.assiteca.it\/wp-json\/wp\/v2\/comments?post=31803"}],"version-history":[{"count":43,"href":"https:\/\/www.assiteca.it\/wp-json\/wp\/v2\/pages\/31803\/revisions"}],"predecessor-version":[{"id":32206,"href":"https:\/\/www.assiteca.it\/wp-json\/wp\/v2\/pages\/31803\/revisions\/32206"}],"up":[{"embeddable":true,"href":"https:\/\/www.assiteca.it\/wp-json\/wp\/v2\/pages\/6566"}],"wp:featuredmedia":[{"embeddable":true,"href":"https:\/\/www.assiteca.it\/wp-json\/wp\/v2\/media\/31791"}],"wp:attachment":[{"href":"https:\/\/www.assiteca.it\/wp-json\/wp\/v2\/media?parent=31803"}],"curies":[{"name":"wp","href":"https:\/\/api.w.org\/{rel}","templated":true}]}}